{"id":46,"date":"2026-03-26T14:18:44","date_gmt":"2026-03-26T13:18:44","guid":{"rendered":"https:\/\/pipczyk-szczur.pl\/komiksy\/?page_id=46"},"modified":"2026-03-26T14:22:07","modified_gmt":"2026-03-26T13:22:07","slug":"o-mnie","status":"publish","type":"page","link":"https:\/\/pipczyk-szczur.pl\/komiksy\/index.php\/o-mnie\/","title":{"rendered":"O mnie"},"content":{"rendered":"<p><img loading=\"lazy\" decoding=\"async\" class=\"wp-image-53 alignleft\" src=\"https:\/\/pipczyk-szczur.pl\/komiksy\/wp-content\/uploads\/pipcz1.png\" alt=\"\" width=\"346\" height=\"429\" \/><\/p>\n<p>\u27a0 nick: Lou Fontaine<br \/>\n\u27a0 rocznik: 1986<br \/>\n\u27a0 p\u0142e\u0107: kobieta<br \/>\n\u27a0 zaw\u00f3d wyuczony: niedorobiony historyk<br \/>\n\u27a0 zaw\u00f3d wykonywany: rencistka<br \/>\n\u27a0 hobby: rysowanie, gry wideo, ksi\u0105\u017cki, historia, robienie zdj\u0119\u0107, ro\u015bliniarstwo, druk 3D<br \/>\n\u27a0 diagnoza: schizofrenia, schizotypia, osobowo\u015b\u0107 psychotyczna z elementami schizoidalnymi (wybierz se \ud83d\udc7d\ud83d\udc8a), zaburzenia l\u0119kowe, DDA<br \/>\n\u27a0 szcz\u0119\u015bliwa narzeczona i kocio-psia maDka na pe\u0142ny etat<\/p>\n<p>\u161b\u2050\u0324\u1550\u1437 \u25c5<\/p>\n","protected":false},"excerpt":{"rendered":"<p>\u27a0 nick: Lou Fontaine \u27a0 rocznik: 1986 \u27a0 p\u0142e\u0107: kobieta \u27a0 zaw\u00f3d wyuczony: niedorobiony historyk \u27a0 zaw\u00f3d wykonywany: rencistka \u27a0 hobby: rysowanie, gry wideo, ksi\u0105\u017cki, historia, robienie zdj\u0119\u0107, ro\u015bliniarstwo, druk 3D \u27a0 diagnoza: schizofrenia, schizotypia, osobowo\u015b\u0107 psychotyczna z elementami schizoidalnymi<br \/><a class=\"btn-more btn btn-danger btn-sm\" href=\"https:\/\/pipczyk-szczur.pl\/komiksy\/index.php\/o-mnie\/\">Read More<\/a><\/p>\n","protected":false},"author":1,"featured_media":0,"parent":0,"menu_order":0,"comment_status":"closed","ping_status":"closed","template":"","meta":{"footnotes":""},"class_list":["post-46","page","type-page","status-publish","hentry"],"jetpack_sharing_enabled":true,"_links":{"self":[{"href":"https:\/\/pipczyk-szczur.pl\/komiksy\/index.php\/wp-json\/wp\/v2\/pages\/46","targetHints":{"allow":["GET"]}}],"collection":[{"href":"https:\/\/pipczyk-szczur.pl\/komiksy\/index.php\/wp-json\/wp\/v2\/pages"}],"about":[{"href":"https:\/\/pipczyk-szczur.pl\/komiksy\/index.php\/wp-json\/wp\/v2\/types\/page"}],"author":[{"embeddable":true,"href":"https:\/\/pipczyk-szczur.pl\/komiksy\/index.php\/wp-json\/wp\/v2\/users\/1"}],"replies":[{"embeddable":true,"href":"https:\/\/pipczyk-szczur.pl\/komiksy\/index.php\/wp-json\/wp\/v2\/comments?post=46"}],"version-history":[{"count":2,"href":"https:\/\/pipczyk-szczur.pl\/komiksy\/index.php\/wp-json\/wp\/v2\/pages\/46\/revisions"}],"predecessor-version":[{"id":54,"href":"https:\/\/pipczyk-szczur.pl\/komiksy\/index.php\/wp-json\/wp\/v2\/pages\/46\/revisions\/54"}],"wp:attachment":[{"href":"https:\/\/pipczyk-szczur.pl\/komiksy\/index.php\/wp-json\/wp\/v2\/media?parent=46"}],"curies":[{"name":"wp","href":"https:\/\/api.w.org\/{rel}","templated":true}]}}