{"id":51,"date":"2026-03-26T14:20:40","date_gmt":"2026-03-26T13:20:40","guid":{"rendered":"https:\/\/pipczyk-szczur.pl\/komiksy\/?page_id=51"},"modified":"2026-03-26T14:56:01","modified_gmt":"2026-03-26T13:56:01","slug":"linki","status":"publish","type":"page","link":"https:\/\/pipczyk-szczur.pl\/komiksy\/index.php\/linki\/","title":{"rendered":"Linki"},"content":{"rendered":"<p>Moja tw\u00f3rczo\u015b\u0107:<\/p>\n<p>\u27a0 <a href=\"https:\/\/pipczyk-szczur.pl\" target=\"_blank\">Jedz Ser i Grzesz<\/a><\/p>\n<p>Moje miejsca:<\/p>\n<p>\u27a0 <a href=\"https:\/\/chonky-crafts.pl\" target=\"_blank\" rel=\"noopener\">Chonky Crafts<\/a><br \/>\n\u27a0 <a href=\"https:\/\/szczurzy-gaming.pl\" target=\"_blank\" rel=\"noopener\">Szczurzy Gaming<\/a><br \/>\n\u27a0 <a href=\"http:\/\/szczurny-barlozek.pl\" target=\"_blank\" rel=\"noopener\">Szczurny Bar\u0142o\u017cek<\/a><br \/>\n\u27a0 <a href=\"https:\/\/pipczyk-szczur.pl\/foto\" target=\"_blank\" rel=\"noopener\">Fotoblog<\/a><br \/>\n\u27a0 <a href=\"http:\/\/podroze-szczurze.pl\" target=\"_blank\" rel=\"noopener\">Podr\u00f3\u017ce Szczurze<\/a><br \/>\n\u27a0 <a href=\"http:\/\/kiblewgrach.pl\" target=\"_blank\" rel=\"noopener\">Kible w grach<\/a><\/p>\n<p>Socjale:<\/p>\n<p>\u27a0 <a href=\"https:\/\/atypicalfatrat.tumblr.com\" target=\"_blank\" rel=\"noopener\">Tumblr<\/a><br \/>\n\u27a0 <a href=\"https:\/\/www.instagram.com\/atypical.fat.rat\" target=\"_blank\" rel=\"noopener\">Instagram<\/a><br \/>\n\u27a0 <a href=\"https:\/\/www.facebook.com\/atypicalfatratart\" target=\"_blank\">Facebook<\/a><\/p>\n","protected":false},"excerpt":{"rendered":"<p>Moja tw\u00f3rczo\u015b\u0107: \u27a0 Jedz Ser i Grzesz Moje miejsca: \u27a0 Chonky Crafts \u27a0 Szczurzy Gaming \u27a0 Szczurny Bar\u0142o\u017cek \u27a0 Fotoblog \u27a0 Podr\u00f3\u017ce Szczurze \u27a0 Kible w grach Socjale: \u27a0 Tumblr \u27a0 Instagram \u27a0 Facebook<\/p>\n","protected":false},"author":1,"featured_media":0,"parent":0,"menu_order":0,"comment_status":"closed","ping_status":"closed","template":"","meta":{"footnotes":""},"class_list":["post-51","page","type-page","status-publish","hentry"],"jetpack_sharing_enabled":true,"_links":{"self":[{"href":"https:\/\/pipczyk-szczur.pl\/komiksy\/index.php\/wp-json\/wp\/v2\/pages\/51","targetHints":{"allow":["GET"]}}],"collection":[{"href":"https:\/\/pipczyk-szczur.pl\/komiksy\/index.php\/wp-json\/wp\/v2\/pages"}],"about":[{"href":"https:\/\/pipczyk-szczur.pl\/komiksy\/index.php\/wp-json\/wp\/v2\/types\/page"}],"author":[{"embeddable":true,"href":"https:\/\/pipczyk-szczur.pl\/komiksy\/index.php\/wp-json\/wp\/v2\/users\/1"}],"replies":[{"embeddable":true,"href":"https:\/\/pipczyk-szczur.pl\/komiksy\/index.php\/wp-json\/wp\/v2\/comments?post=51"}],"version-history":[{"count":4,"href":"https:\/\/pipczyk-szczur.pl\/komiksy\/index.php\/wp-json\/wp\/v2\/pages\/51\/revisions"}],"predecessor-version":[{"id":78,"href":"https:\/\/pipczyk-szczur.pl\/komiksy\/index.php\/wp-json\/wp\/v2\/pages\/51\/revisions\/78"}],"wp:attachment":[{"href":"https:\/\/pipczyk-szczur.pl\/komiksy\/index.php\/wp-json\/wp\/v2\/media?parent=51"}],"curies":[{"name":"wp","href":"https:\/\/api.w.org\/{rel}","templated":true}]}}